{"id":6197,"date":"2021-04-04T10:31:50","date_gmt":"2021-04-04T10:31:50","guid":{"rendered":"https:\/\/lacoccinella.nl\/hygiene\/"},"modified":"2021-04-04T10:31:51","modified_gmt":"2021-04-04T10:31:51","slug":"hygiene","status":"publish","type":"page","link":"https:\/\/monteturris.com\/de\/hygiene\/","title":{"rendered":"Hygiene"},"content":{"rendered":"\n<div class=\"wp-block-getwid-section alignfull alignfull getwid-margin-top-none getwid-margin-bottom-none\"><div class=\"wp-block-getwid-section__wrapper getwid-padding-top-none getwid-padding-bottom-none getwid-padding-left-medium getwid-padding-right-medium getwid-padding-mobile-left-small getwid-padding-mobile-right-small\"><div class=\"wp-block-getwid-section__inner-wrapper\"><div class=\"wp-block-getwid-section__background-holder\"><div class=\"wp-block-getwid-section__background\"><\/div><div class=\"wp-block-getwid-section__foreground\"><\/div><\/div><div class=\"wp-block-getwid-section__content\"><div class=\"wp-block-getwid-section__inner-content\">\n<div class=\"wp-block-columns has-2-columns is-layout-flex wp-container-core-columns-is-layout-9d6595d7 wp-block-columns-is-layout-flex\">\n<div class=\"wp-block-column is-layout-flow wp-block-column-is-layout-flow\">\n<div class=\"wp-block-getwid-advanced-heading is-style-style-1 has-custom-font-size\" style=\"font-size:12px;margin-bottom:0px\"><p class=\"wp-block-getwid-advanced-heading__content\" style=\"letter-spacing:0.1em\"><\/p><\/div>\n\n\n\n<div class=\"wp-block-getwid-advanced-heading is-style-default\" style=\"margin-top:10px\"><h2 class=\"wp-block-getwid-advanced-heading__content\">Hygiene<\/h2><\/div>\n\n\n\n<p><\/p>\n<\/div>\n\n\n\n<div class=\"wp-block-column is-layout-flow wp-block-column-is-layout-flow\">\n<p>Da uns Hygiene sehr wichtig ist und wir uns dem Umweltschutz verpflichtet f\u00fchlen, stellen wir alle unsere Reinigungsprodukte selbst her. Auf diese Weise sparen wir Plastikm\u00fcll und umweltsch\u00e4dliche Stoffe. Weil wir einen m\u00f6glichst kleinen \u00f6kologischen Fu\u00dfabdruck hinterlassen, sind wir in der Lage, nach jedem Aufenthalt alles zu waschen, zu reinigen und zu desinfizieren, so dass Sie sich als neuer Gast in einer gr\u00fcndlich sauberen Unterkunft wiederfinden. Wenn Sie Fragen zur Selbstherstellung von Reinigungs-, Wasch- und Desinfektionsmitteln haben, beantworten wir sie Ihnen gerne.<\/p>\n<\/div>\n<\/div>\n<\/div><\/div><\/div><\/div><\/div>\n\n<div class=\"wp-block-getwid-section alignfull alignfull getwid-margin-top-none getwid-margin-bottom-none\"><div class=\"wp-block-getwid-section__wrapper getwid-padding-top-normal getwid-padding-bottom-normal getwid-padding-left-medium getwid-padding-right-medium getwid-padding-mobile-left-small getwid-padding-mobile-right-small\"><div class=\"wp-block-getwid-section__inner-wrapper\"><div class=\"wp-block-getwid-section__background-holder\"><div class=\"wp-block-getwid-section__background\"><\/div><div class=\"wp-block-getwid-section__foreground\"><\/div><\/div><div class=\"wp-block-getwid-section__content\"><div class=\"wp-block-getwid-section__inner-content\">\n<div class=\"wp-block-columns has-2-columns is-layout-flex wp-container-core-columns-is-layout-9d6595d7 wp-block-columns-is-layout-flex\">\n<div class=\"wp-block-column is-layout-flow wp-block-column-is-layout-flow\"><\/div>\n\n\n\n<div class=\"wp-block-column is-layout-flow wp-block-column-is-layout-flow\"><\/div>\n<\/div>\n<\/div><\/div><\/div><\/div><\/div>\n\n<div class=\"wp-block-getwid-section alignfull alignfull getwid-margin-top-none getwid-margin-bottom-none\"><div class=\"wp-block-getwid-section__wrapper getwid-padding-top-normal getwid-padding-bottom-normal getwid-padding-left-medium getwid-padding-right-medium getwid-padding-mobile-left-small getwid-padding-mobile-right-small\"><div class=\"wp-block-getwid-section__inner-wrapper\"><div class=\"wp-block-getwid-section__background-holder\"><div class=\"wp-block-getwid-section__background\"><\/div><div class=\"wp-block-getwid-section__foreground\"><\/div><\/div><div class=\"wp-block-getwid-section__content\"><div class=\"wp-block-getwid-section__inner-content\">\n<div class=\"wp-block-columns has-2-columns is-layout-flex wp-container-core-columns-is-layout-9d6595d7 wp-block-columns-is-layout-flex\">\n<div class=\"wp-block-column is-layout-flow wp-block-column-is-layout-flow\"><\/div>\n\n\n\n<div class=\"wp-block-column is-layout-flow wp-block-column-is-layout-flow\"><\/div>\n<\/div>\n<\/div><\/div><\/div><\/div><\/div>\n","protected":false},"excerpt":{"rendered":"","protected":false},"author":1,"featured_media":6198,"parent":0,"menu_order":0,"comment_status":"closed","ping_status":"closed","template":"","meta":{"_joinchat":[],"footnotes":""},"class_list":["post-6197","page","type-page","status-publish","has-post-thumbnail","hentry"],"yoast_head":"<!-- This site is optimized with the Yoast SEO plugin v26.1.1 - https:\/\/yoast.com\/wordpress\/plugins\/seo\/ -->\n<title>Hygiene - Dimora Monte Turris<\/title>\n<meta name=\"robots\" content=\"noindex, follow, max-snippet:-1, max-image-preview:large, max-video-preview:-1\" \/>\n<meta property=\"og:locale\" content=\"de_DE\" \/>\n<meta property=\"og:type\" content=\"article\" \/>\n<meta property=\"og:title\" content=\"Hygiene - Dimora Monte Turris\" \/>\n<meta property=\"og:url\" content=\"https:\/\/monteturris.com\/de\/hygiene\/\" \/>\n<meta property=\"og:site_name\" content=\"Dimora Monte Turris\" \/>\n<meta property=\"article:publisher\" content=\"https:\/\/www.facebook.com\/lacoccinellaumbria\/\" \/>\n<meta property=\"article:modified_time\" content=\"2021-04-04T10:31:51+00:00\" \/>\n<meta property=\"og:image\" content=\"https:\/\/monteturris.com\/wp-content\/uploads\/2020\/10\/stack-of-clean-towels-on-shelf-with-greens-in-buck-46SYGC8-min-scaled.jpg\" \/>\n\t<meta property=\"og:image:width\" content=\"2560\" \/>\n\t<meta property=\"og:image:height\" content=\"1707\" \/>\n\t<meta property=\"og:image:type\" content=\"image\/jpeg\" \/>\n<meta name=\"twitter:card\" content=\"summary_large_image\" \/>\n<script type=\"application\/ld+json\" class=\"yoast-schema-graph\">{\"@context\":\"https:\/\/schema.org\",\"@graph\":[{\"@type\":\"WebPage\",\"@id\":\"https:\/\/monteturris.com\/de\/hygiene\/\",\"url\":\"https:\/\/monteturris.com\/de\/hygiene\/\",\"name\":\"Hygiene - Dimora Monte Turris\",\"isPartOf\":{\"@id\":\"https:\/\/monteturris.com\/#website\"},\"primaryImageOfPage\":{\"@id\":\"https:\/\/monteturris.com\/de\/hygiene\/#primaryimage\"},\"image\":{\"@id\":\"https:\/\/monteturris.com\/de\/hygiene\/#primaryimage\"},\"thumbnailUrl\":\"https:\/\/monteturris.com\/wp-content\/uploads\/2020\/10\/stack-of-clean-towels-on-shelf-with-greens-in-buck-46SYGC8-min-scaled.jpg\",\"datePublished\":\"2021-04-04T10:31:50+00:00\",\"dateModified\":\"2021-04-04T10:31:51+00:00\",\"breadcrumb\":{\"@id\":\"https:\/\/monteturris.com\/de\/hygiene\/#breadcrumb\"},\"inLanguage\":\"de\",\"potentialAction\":[{\"@type\":\"ReadAction\",\"target\":[\"https:\/\/monteturris.com\/de\/hygiene\/\"]}]},{\"@type\":\"ImageObject\",\"inLanguage\":\"de\",\"@id\":\"https:\/\/monteturris.com\/de\/hygiene\/#primaryimage\",\"url\":\"https:\/\/monteturris.com\/wp-content\/uploads\/2020\/10\/stack-of-clean-towels-on-shelf-with-greens-in-buck-46SYGC8-min-scaled.jpg\",\"contentUrl\":\"https:\/\/monteturris.com\/wp-content\/uploads\/2020\/10\/stack-of-clean-towels-on-shelf-with-greens-in-buck-46SYGC8-min-scaled.jpg\",\"width\":2560,\"height\":1707},{\"@type\":\"BreadcrumbList\",\"@id\":\"https:\/\/monteturris.com\/de\/hygiene\/#breadcrumb\",\"itemListElement\":[{\"@type\":\"ListItem\",\"position\":1,\"name\":\"Home\",\"item\":\"https:\/\/monteturris.com\/de\/home\/\"},{\"@type\":\"ListItem\",\"position\":2,\"name\":\"Hygiene\"}]},{\"@type\":\"WebSite\",\"@id\":\"https:\/\/monteturris.com\/#website\",\"url\":\"https:\/\/monteturris.com\/\",\"name\":\"Dimora Monte Turris\",\"description\":\"\",\"publisher\":{\"@id\":\"https:\/\/monteturris.com\/#organization\"},\"potentialAction\":[{\"@type\":\"SearchAction\",\"target\":{\"@type\":\"EntryPoint\",\"urlTemplate\":\"https:\/\/monteturris.com\/?s={search_term_string}\"},\"query-input\":{\"@type\":\"PropertyValueSpecification\",\"valueRequired\":true,\"valueName\":\"search_term_string\"}}],\"inLanguage\":\"de\"},{\"@type\":\"Organization\",\"@id\":\"https:\/\/monteturris.com\/#organization\",\"name\":\"Dimora Monte Turris\",\"url\":\"https:\/\/monteturris.com\/\",\"logo\":{\"@type\":\"ImageObject\",\"inLanguage\":\"de\",\"@id\":\"https:\/\/monteturris.com\/#\/schema\/logo\/image\/\",\"url\":\"https:\/\/monteturris.com\/wp-content\/uploads\/2020\/09\/cropped-Logo-60x60-1-1.png\",\"contentUrl\":\"https:\/\/monteturris.com\/wp-content\/uploads\/2020\/09\/cropped-Logo-60x60-1-1.png\",\"width\":58,\"height\":48,\"caption\":\"Dimora Monte Turris\"},\"image\":{\"@id\":\"https:\/\/monteturris.com\/#\/schema\/logo\/image\/\"},\"sameAs\":[\"https:\/\/www.facebook.com\/lacoccinellaumbria\/\",\"https:\/\/instagram.com\/lacoccinellaumbria\"]}]}<\/script>\n<!-- \/ Yoast SEO plugin. -->","yoast_head_json":{"title":"Hygiene - Dimora Monte Turris","robots":{"index":"noindex","follow":"follow","max-snippet":"max-snippet:-1","max-image-preview":"max-image-preview:large","max-video-preview":"max-video-preview:-1"},"og_locale":"de_DE","og_type":"article","og_title":"Hygiene - Dimora Monte Turris","og_url":"https:\/\/monteturris.com\/de\/hygiene\/","og_site_name":"Dimora Monte Turris","article_publisher":"https:\/\/www.facebook.com\/lacoccinellaumbria\/","article_modified_time":"2021-04-04T10:31:51+00:00","og_image":[{"width":2560,"height":1707,"url":"https:\/\/monteturris.com\/wp-content\/uploads\/2020\/10\/stack-of-clean-towels-on-shelf-with-greens-in-buck-46SYGC8-min-scaled.jpg","type":"image\/jpeg"}],"twitter_card":"summary_large_image","schema":{"@context":"https:\/\/schema.org","@graph":[{"@type":"WebPage","@id":"https:\/\/monteturris.com\/de\/hygiene\/","url":"https:\/\/monteturris.com\/de\/hygiene\/","name":"Hygiene - Dimora Monte Turris","isPartOf":{"@id":"https:\/\/monteturris.com\/#website"},"primaryImageOfPage":{"@id":"https:\/\/monteturris.com\/de\/hygiene\/#primaryimage"},"image":{"@id":"https:\/\/monteturris.com\/de\/hygiene\/#primaryimage"},"thumbnailUrl":"https:\/\/monteturris.com\/wp-content\/uploads\/2020\/10\/stack-of-clean-towels-on-shelf-with-greens-in-buck-46SYGC8-min-scaled.jpg","datePublished":"2021-04-04T10:31:50+00:00","dateModified":"2021-04-04T10:31:51+00:00","breadcrumb":{"@id":"https:\/\/monteturris.com\/de\/hygiene\/#breadcrumb"},"inLanguage":"de","potentialAction":[{"@type":"ReadAction","target":["https:\/\/monteturris.com\/de\/hygiene\/"]}]},{"@type":"ImageObject","inLanguage":"de","@id":"https:\/\/monteturris.com\/de\/hygiene\/#primaryimage","url":"https:\/\/monteturris.com\/wp-content\/uploads\/2020\/10\/stack-of-clean-towels-on-shelf-with-greens-in-buck-46SYGC8-min-scaled.jpg","contentUrl":"https:\/\/monteturris.com\/wp-content\/uploads\/2020\/10\/stack-of-clean-towels-on-shelf-with-greens-in-buck-46SYGC8-min-scaled.jpg","width":2560,"height":1707},{"@type":"BreadcrumbList","@id":"https:\/\/monteturris.com\/de\/hygiene\/#breadcrumb","itemListElement":[{"@type":"ListItem","position":1,"name":"Home","item":"https:\/\/monteturris.com\/de\/home\/"},{"@type":"ListItem","position":2,"name":"Hygiene"}]},{"@type":"WebSite","@id":"https:\/\/monteturris.com\/#website","url":"https:\/\/monteturris.com\/","name":"Dimora Monte Turris","description":"","publisher":{"@id":"https:\/\/monteturris.com\/#organization"},"potentialAction":[{"@type":"SearchAction","target":{"@type":"EntryPoint","urlTemplate":"https:\/\/monteturris.com\/?s={search_term_string}"},"query-input":{"@type":"PropertyValueSpecification","valueRequired":true,"valueName":"search_term_string"}}],"inLanguage":"de"},{"@type":"Organization","@id":"https:\/\/monteturris.com\/#organization","name":"Dimora Monte Turris","url":"https:\/\/monteturris.com\/","logo":{"@type":"ImageObject","inLanguage":"de","@id":"https:\/\/monteturris.com\/#\/schema\/logo\/image\/","url":"https:\/\/monteturris.com\/wp-content\/uploads\/2020\/09\/cropped-Logo-60x60-1-1.png","contentUrl":"https:\/\/monteturris.com\/wp-content\/uploads\/2020\/09\/cropped-Logo-60x60-1-1.png","width":58,"height":48,"caption":"Dimora Monte Turris"},"image":{"@id":"https:\/\/monteturris.com\/#\/schema\/logo\/image\/"},"sameAs":["https:\/\/www.facebook.com\/lacoccinellaumbria\/","https:\/\/instagram.com\/lacoccinellaumbria"]}]}},"_links":{"self":[{"href":"https:\/\/monteturris.com\/de\/wp-json\/wp\/v2\/pages\/6197","targetHints":{"allow":["GET"]}}],"collection":[{"href":"https:\/\/monteturris.com\/de\/wp-json\/wp\/v2\/pages"}],"about":[{"href":"https:\/\/monteturris.com\/de\/wp-json\/wp\/v2\/types\/page"}],"author":[{"embeddable":true,"href":"https:\/\/monteturris.com\/de\/wp-json\/wp\/v2\/users\/1"}],"replies":[{"embeddable":true,"href":"https:\/\/monteturris.com\/de\/wp-json\/wp\/v2\/comments?post=6197"}],"version-history":[{"count":0,"href":"https:\/\/monteturris.com\/de\/wp-json\/wp\/v2\/pages\/6197\/revisions"}],"wp:featuredmedia":[{"embeddable":true,"href":"https:\/\/monteturris.com\/de\/wp-json\/wp\/v2\/media\/6198"}],"wp:attachment":[{"href":"https:\/\/monteturris.com\/de\/wp-json\/wp\/v2\/media?parent=6197"}],"curies":[{"name":"wp","href":"https:\/\/api.w.org\/{rel}","templated":true}]}}